{"id":126,"date":"2023-10-02T13:16:47","date_gmt":"2023-10-02T20:16:47","guid":{"rendered":"https:\/\/e5ed1eecd7.nxcli.io\/?page_id=126"},"modified":"2023-11-02T10:08:40","modified_gmt":"2023-11-02T17:08:40","slug":"hardscaping-materials","status":"publish","type":"page","link":"https:\/\/tilz.com\/es\/hardscaping-materials\/","title":{"rendered":"Materiales de landscaping"},"content":{"rendered":"<div class=\"wp-block-cover alignfull is-light\"><span aria-hidden=\"true\" class=\"wp-block-cover__background has-background-dim-40 has-background-dim\"><\/span><img loading=\"lazy\" decoding=\"async\" width=\"1600\" height=\"600\" class=\"wp-block-cover__image-background wp-image-215\" alt=\"\" src=\"https:\/\/tilz.com\/wp-content\/uploads\/2023\/10\/hardscaping-materials.jpg\" data-object-fit=\"cover\" srcset=\"https:\/\/tilz.com\/wp-content\/uploads\/2023\/10\/hardscaping-materials.jpg 1600w, https:\/\/tilz.com\/wp-content\/uploads\/2023\/10\/hardscaping-materials-300x113.jpg 300w, https:\/\/tilz.com\/wp-content\/uploads\/2023\/10\/hardscaping-materials-1024x384.jpg 1024w, https:\/\/tilz.com\/wp-content\/uploads\/2023\/10\/hardscaping-materials-768x288.jpg 768w, https:\/\/tilz.com\/wp-content\/uploads\/2023\/10\/hardscaping-materials-1536x576.jpg 1536w, https:\/\/tilz.com\/wp-content\/uploads\/2023\/10\/hardscaping-materials-18x7.jpg 18w\" sizes=\"auto, (max-width: 1600px) 100vw, 1600px\" \/><div class=\"wp-block-cover__inner-container is-layout-constrained wp-block-cover-is-layout-constrained\">\n<h1 class=\"wp-block-heading has-text-align-center has-theme-palette-1-color has-text-color\" style=\"font-size:48px;text-transform:uppercase\">Materiales de landscaping<\/h1>\n<\/div><\/div>\n\n\n\n<h2 class=\"wp-block-heading\">Pennsylvania Blue Stone<\/h2>\n\n\n\n<p>Pennsylvania Blue Stone es una verdadera piedra arenisca durissima. Cortado del sedimento fosilizado de la antigua cordillera de Acadia, Blue Stone es una declaraci\u00f3n fuerte y \u00fanica para su finca. Los colores naturales e inquebrantables van desde el azul verdoso hasta los tonos tierra y el lila. Cuando est\u00e1 mojado o helado, Blue Stone no ser\u00e1 resbaladizo.<\/p>\n\n\n\n<p>Variedades que tenemos:&nbsp;<strong>losa natural de 2\u2033&nbsp;<\/strong>(se vende por palet o por estrato),&nbsp;<strong>adoquines dimensionales, adoquines de losa de pie,<\/strong>&nbsp;varias longitudes de&nbsp;<strong>pasos<\/strong>,&nbsp;<strong>losas grandes<\/strong>&nbsp;y&nbsp;<strong>adoquines<\/strong>.<\/p>\n\n\n\n<div class=\"wp-block-media-text is-stacked-on-mobile has-background\" style=\"background-color:#b0bb000d;padding-top:var(--wp--preset--spacing--20);padding-right:var(--wp--preset--spacing--20);padding-bottom:var(--wp--preset--spacing--20);padding-left:var(--wp--preset--spacing--20);grid-template-columns:30% auto\"><figure class=\"wp-block-media-text__media\"><img loading=\"lazy\" decoding=\"async\" width=\"600\" height=\"600\" src=\"https:\/\/tilz.com\/wp-content\/uploads\/2023\/10\/hardscape-tumbled-stone.jpg\" alt=\"\" class=\"wp-image-516 size-full\" srcset=\"https:\/\/tilz.com\/wp-content\/uploads\/2023\/10\/hardscape-tumbled-stone.jpg 600w, https:\/\/tilz.com\/wp-content\/uploads\/2023\/10\/hardscape-tumbled-stone-300x300.jpg 300w, https:\/\/tilz.com\/wp-content\/uploads\/2023\/10\/hardscape-tumbled-stone-150x150.jpg 150w, https:\/\/tilz.com\/wp-content\/uploads\/2023\/10\/hardscape-tumbled-stone-12x12.jpg 12w\" sizes=\"auto, (max-width: 600px) 100vw, 600px\" \/><\/figure><div class=\"wp-block-media-text__content\">\n<h3 class=\"wp-block-heading\">Adoquines ca\u00eddos<\/h3>\n\n\n\n<p><em>Vendido por palet o por estrato.<\/em><\/p>\n<\/div><\/div>\n\n\n\n<div class=\"wp-block-media-text is-stacked-on-mobile has-background\" style=\"background-color:#b0bb000d;padding-top:var(--wp--preset--spacing--20);padding-right:var(--wp--preset--spacing--20);padding-bottom:var(--wp--preset--spacing--20);padding-left:var(--wp--preset--spacing--20);grid-template-columns:60% auto\"><figure class=\"wp-block-media-text__media\"><img loading=\"lazy\" decoding=\"async\" width=\"1024\" height=\"512\" src=\"https:\/\/tilz.com\/wp-content\/uploads\/2023\/10\/hardscape-flagstone-1024x512.jpg\" alt=\"\" class=\"wp-image-517 size-full\" srcset=\"https:\/\/tilz.com\/wp-content\/uploads\/2023\/10\/hardscape-flagstone-1024x512.jpg 1024w, https:\/\/tilz.com\/wp-content\/uploads\/2023\/10\/hardscape-flagstone-300x150.jpg 300w, https:\/\/tilz.com\/wp-content\/uploads\/2023\/10\/hardscape-flagstone-768x384.jpg 768w, https:\/\/tilz.com\/wp-content\/uploads\/2023\/10\/hardscape-flagstone-18x9.jpg 18w, https:\/\/tilz.com\/wp-content\/uploads\/2023\/10\/hardscape-flagstone.jpg 1200w\" sizes=\"auto, (max-width: 1024px) 100vw, 1024px\" \/><\/figure><div class=\"wp-block-media-text__content\">\n<h3 class=\"wp-block-heading\">Losa<\/h3>\n\n\n\n<p><em>Vendido por palet o por estrato.<\/em><\/p>\n\n\n\n<p>Se muestra obre un palet y en uso. <\/p>\n\n\n\n<p><\/p>\n<\/div><\/div>\n\n\n\n<div class=\"wp-block-media-text is-stacked-on-mobile has-background\" style=\"background-color:#b0bb000d;padding-top:var(--wp--preset--spacing--20);padding-right:var(--wp--preset--spacing--20);padding-bottom:var(--wp--preset--spacing--20);padding-left:var(--wp--preset--spacing--20);grid-template-columns:60% auto\"><figure class=\"wp-block-media-text__media\"><img loading=\"lazy\" decoding=\"async\" width=\"1024\" height=\"512\" src=\"https:\/\/tilz.com\/wp-content\/uploads\/2023\/10\/hardscape-cut-stone-1024x512.jpg\" alt=\"\" class=\"wp-image-518 size-full\" srcset=\"https:\/\/tilz.com\/wp-content\/uploads\/2023\/10\/hardscape-cut-stone-1024x512.jpg 1024w, https:\/\/tilz.com\/wp-content\/uploads\/2023\/10\/hardscape-cut-stone-300x150.jpg 300w, https:\/\/tilz.com\/wp-content\/uploads\/2023\/10\/hardscape-cut-stone-768x384.jpg 768w, https:\/\/tilz.com\/wp-content\/uploads\/2023\/10\/hardscape-cut-stone-18x9.jpg 18w, https:\/\/tilz.com\/wp-content\/uploads\/2023\/10\/hardscape-cut-stone.jpg 1200w\" sizes=\"auto, (max-width: 1024px) 100vw, 1024px\" \/><\/figure><div class=\"wp-block-media-text__content\">\n<h3 class=\"wp-block-heading\">Piedra cortada<\/h3>\n\n\n\n<p><em>Vendido por pieza.<\/em><\/p>\n\n\n\n<p>Mostrado como es vendida a TILZ y en uso. <\/p>\n\n\n\n<p><\/p>\n<\/div><\/div>\n\n\n\n<div class=\"wp-block-media-text is-stacked-on-mobile has-background\" style=\"background-color:#b0bb000d;padding-top:var(--wp--preset--spacing--20);padding-right:var(--wp--preset--spacing--20);padding-bottom:var(--wp--preset--spacing--20);padding-left:var(--wp--preset--spacing--20);grid-template-columns:30% auto\"><figure class=\"wp-block-media-text__media\"><img loading=\"lazy\" decoding=\"async\" width=\"600\" height=\"600\" src=\"https:\/\/tilz.com\/wp-content\/uploads\/2023\/10\/hardscape-steps.jpg\" alt=\"\" class=\"wp-image-519 size-full\" srcset=\"https:\/\/tilz.com\/wp-content\/uploads\/2023\/10\/hardscape-steps.jpg 600w, https:\/\/tilz.com\/wp-content\/uploads\/2023\/10\/hardscape-steps-300x300.jpg 300w, https:\/\/tilz.com\/wp-content\/uploads\/2023\/10\/hardscape-steps-150x150.jpg 150w, https:\/\/tilz.com\/wp-content\/uploads\/2023\/10\/hardscape-steps-12x12.jpg 12w\" sizes=\"auto, (max-width: 600px) 100vw, 600px\" \/><\/figure><div class=\"wp-block-media-text__content\">\n<h3 class=\"wp-block-heading\">Pasos<\/h3>\n\n\n\n<p><em>Vendido individualmente.<\/em><\/p>\n<\/div><\/div>\n\n\n\n<h2 class=\"wp-block-heading\">Rocas grandes y edging de metal<\/h2>\n\n\n\n<div class=\"wp-block-media-text is-stacked-on-mobile has-background\" style=\"background-color:#b0bb000d;padding-top:var(--wp--preset--spacing--20);padding-right:var(--wp--preset--spacing--20);padding-bottom:var(--wp--preset--spacing--20);padding-left:var(--wp--preset--spacing--20);grid-template-columns:30% auto\"><figure class=\"wp-block-media-text__media\"><img loading=\"lazy\" decoding=\"async\" width=\"600\" height=\"600\" src=\"https:\/\/tilz.com\/wp-content\/uploads\/2023\/10\/boulders-with-red-truck.jpg\" alt=\"\" class=\"wp-image-520 size-full\" srcset=\"https:\/\/tilz.com\/wp-content\/uploads\/2023\/10\/boulders-with-red-truck.jpg 600w, https:\/\/tilz.com\/wp-content\/uploads\/2023\/10\/boulders-with-red-truck-300x300.jpg 300w, https:\/\/tilz.com\/wp-content\/uploads\/2023\/10\/boulders-with-red-truck-150x150.jpg 150w, https:\/\/tilz.com\/wp-content\/uploads\/2023\/10\/boulders-with-red-truck-12x12.jpg 12w\" sizes=\"auto, (max-width: 600px) 100vw, 600px\" \/><\/figure><div class=\"wp-block-media-text__content\">\n<h3 class=\"wp-block-heading\">Rocas grandes<\/h3>\n\n\n\n<p><em>Vendido individualmente.<\/em><\/p>\n\n\n\n<p>Tenemos una variedad de rocas grandes, que var\u00edan en forma, tama\u00f1o y tipo de roca. Ven hoy para ver qu\u00e9 hay en stock.<\/p>\n<\/div><\/div>\n\n\n\n<div class=\"wp-block-media-text is-stacked-on-mobile has-background\" style=\"background-color:#b0bb000d;padding-top:var(--wp--preset--spacing--20);padding-right:var(--wp--preset--spacing--20);padding-bottom:var(--wp--preset--spacing--20);padding-left:var(--wp--preset--spacing--20);grid-template-columns:30% auto\"><figure class=\"wp-block-media-text__media\"><img loading=\"lazy\" decoding=\"async\" width=\"600\" height=\"600\" src=\"https:\/\/tilz.com\/wp-content\/uploads\/2023\/10\/metal-edging.jpg\" alt=\"\" class=\"wp-image-521 size-full\" srcset=\"https:\/\/tilz.com\/wp-content\/uploads\/2023\/10\/metal-edging.jpg 600w, https:\/\/tilz.com\/wp-content\/uploads\/2023\/10\/metal-edging-300x300.jpg 300w, https:\/\/tilz.com\/wp-content\/uploads\/2023\/10\/metal-edging-150x150.jpg 150w, https:\/\/tilz.com\/wp-content\/uploads\/2023\/10\/metal-edging-12x12.jpg 12w\" sizes=\"auto, (max-width: 600px) 100vw, 600px\" \/><\/figure><div class=\"wp-block-media-text__content\">\n<h3 class=\"wp-block-heading\">Edging de metal<\/h3>\n\n\n\n<p>El edging de metal define su entrada, jard\u00edn o camino. El metal no es tratado y se oxidar\u00e1 naturalmente. Se vende por palo en 20\u2032 de largo por 4\u2033 de alto. El borde delgado es de 1\/4\u2033 y el grueso es de 3\/16\u2033.<\/p>\n\n\n\n<p>Tama\u00f1os que tenemos:&nbsp;<strong>1\/8\u2033 x 4\u2033 x 20\u2032<\/strong>, mejor para bordes con curvos.&nbsp;<strong>3\/16\u2033 x 4\u2033x 20\u2032<\/strong>, lo mejor para una l\u00ednea recta o curvas grandes.&nbsp;<strong>Estacas de varilla de 1\u2032 (rebar)<\/strong>.<\/p>\n<\/div><\/div>\n\n\n\n<figure class=\"wp-block-image alignfull size-large\"><img loading=\"lazy\" decoding=\"async\" width=\"1024\" height=\"192\" src=\"https:\/\/tilz.com\/wp-content\/uploads\/2023\/10\/tulips-banner-1024x192.jpg\" alt=\"\" class=\"wp-image-511\" srcset=\"https:\/\/tilz.com\/wp-content\/uploads\/2023\/10\/tulips-banner-1024x192.jpg 1024w, https:\/\/tilz.com\/wp-content\/uploads\/2023\/10\/tulips-banner-300x56.jpg 300w, https:\/\/tilz.com\/wp-content\/uploads\/2023\/10\/tulips-banner-768x144.jpg 768w, https:\/\/tilz.com\/wp-content\/uploads\/2023\/10\/tulips-banner-1536x288.jpg 1536w, https:\/\/tilz.com\/wp-content\/uploads\/2023\/10\/tulips-banner-18x3.jpg 18w, https:\/\/tilz.com\/wp-content\/uploads\/2023\/10\/tulips-banner.jpg 1600w\" sizes=\"auto, (max-width: 1024px) 100vw, 1024px\" \/><\/figure>","protected":false},"excerpt":{"rendered":"<p>Pennsylvania Blue Stone Pennsylvania Blue Stone is a true sandstone. Cut from the fossilized sediment of the ancient Acadian Mountain range, Blue Stone is a strong, unique statement for your landscape. Natural, unyielding colors range from blue-green, to earth tone to lilac. When wet or icy, Blue Stone will not be slippery. Varieties we carry:&nbsp;natural&#8230;<\/p>","protected":false},"author":2,"featured_media":0,"parent":0,"menu_order":0,"comment_status":"closed","ping_status":"closed","template":"","meta":{"_kad_blocks_custom_css":"","_kad_blocks_head_custom_js":"","_kad_blocks_body_custom_js":"","_kad_blocks_footer_custom_js":"","_kad_post_transparent":"","_kad_post_title":"","_kad_post_layout":"","_kad_post_sidebar_id":"","_kad_post_content_style":"","_kad_post_vertical_padding":"","_kad_post_feature":"","_kad_post_feature_position":"","_kad_post_header":false,"_kad_post_footer":false,"_kad_post_classname":"","footnotes":""},"class_list":["post-126","page","type-page","status-publish","hentry"],"yoast_head":"<!-- This site is optimized with the Yoast SEO plugin v27.1.1 - https:\/\/yoast.com\/product\/yoast-seo-wordpress\/ -->\n<title>Hardscaping Materials | TILZ Soils and Compost<\/title>\n<meta name=\"robots\" content=\"index, follow, max-snippet:-1, max-image-preview:large, max-video-preview:-1\" \/>\n<link rel=\"canonical\" href=\"https:\/\/tilz.com\/es\/hardscaping-materials\/\" \/>\n<meta property=\"og:locale\" content=\"es_MX\" \/>\n<meta property=\"og:type\" content=\"article\" \/>\n<meta property=\"og:title\" content=\"Hardscaping Materials | TILZ Soils and Compost\" \/>\n<meta property=\"og:description\" content=\"Pennsylvania Blue Stone Pennsylvania Blue Stone is a true sandstone. Cut from the fossilized sediment of the ancient Acadian Mountain range, Blue Stone is a strong, unique statement for your landscape. Natural, unyielding colors range from blue-green, to earth tone to lilac. When wet or icy, Blue Stone will not be slippery. Varieties we carry:&nbsp;natural...\" \/>\n<meta property=\"og:url\" content=\"https:\/\/tilz.com\/es\/hardscaping-materials\/\" \/>\n<meta property=\"og:site_name\" content=\"TILZ Soils and Compost\" \/>\n<meta property=\"article:publisher\" content=\"https:\/\/www.facebook.com\/TILZsoils\/\" \/>\n<meta property=\"article:modified_time\" content=\"2023-11-02T17:08:40+00:00\" \/>\n<meta property=\"og:image\" content=\"https:\/\/tilz.com\/wp-content\/uploads\/2023\/10\/hardscaping-materials.jpg\" \/>\n<script type=\"application\/ld+json\" class=\"yoast-schema-graph\">{\"@context\":\"https:\/\/schema.org\",\"@graph\":[{\"@type\":\"WebPage\",\"@id\":\"https:\/\/tilz.com\/hardscaping-materials\/\",\"url\":\"https:\/\/tilz.com\/hardscaping-materials\/\",\"name\":\"Hardscaping Materials | TILZ Soils and Compost\",\"isPartOf\":{\"@id\":\"https:\/\/tilz.com\/#website\"},\"primaryImageOfPage\":{\"@id\":\"https:\/\/tilz.com\/hardscaping-materials\/#primaryimage\"},\"image\":{\"@id\":\"https:\/\/tilz.com\/hardscaping-materials\/#primaryimage\"},\"thumbnailUrl\":\"https:\/\/tilz.com\/wp-content\/uploads\/2023\/10\/hardscaping-materials.jpg\",\"datePublished\":\"2023-10-02T20:16:47+00:00\",\"dateModified\":\"2023-11-02T17:08:40+00:00\",\"breadcrumb\":{\"@id\":\"https:\/\/tilz.com\/hardscaping-materials\/#breadcrumb\"},\"inLanguage\":\"es\",\"potentialAction\":[{\"@type\":\"ReadAction\",\"target\":[\"https:\/\/tilz.com\/hardscaping-materials\/\"]}]},{\"@type\":\"ImageObject\",\"inLanguage\":\"es\",\"@id\":\"https:\/\/tilz.com\/hardscaping-materials\/#primaryimage\",\"url\":\"https:\/\/tilz.com\/wp-content\/uploads\/2023\/10\/hardscaping-materials.jpg\",\"contentUrl\":\"https:\/\/tilz.com\/wp-content\/uploads\/2023\/10\/hardscaping-materials.jpg\"},{\"@type\":\"BreadcrumbList\",\"@id\":\"https:\/\/tilz.com\/hardscaping-materials\/#breadcrumb\",\"itemListElement\":[{\"@type\":\"ListItem\",\"position\":1,\"name\":\"Home\",\"item\":\"https:\/\/tilz.com\/\"},{\"@type\":\"ListItem\",\"position\":2,\"name\":\"Hardscaping Materials\"}]},{\"@type\":\"WebSite\",\"@id\":\"https:\/\/tilz.com\/#website\",\"url\":\"https:\/\/tilz.com\/\",\"name\":\"TILZ Soils and Compost\",\"description\":\"Come Grow With Us\",\"publisher\":{\"@id\":\"https:\/\/tilz.com\/#organization\"},\"potentialAction\":[{\"@type\":\"SearchAction\",\"target\":{\"@type\":\"EntryPoint\",\"urlTemplate\":\"https:\/\/tilz.com\/?s={search_term_string}\"},\"query-input\":{\"@type\":\"PropertyValueSpecification\",\"valueRequired\":true,\"valueName\":\"search_term_string\"}}],\"inLanguage\":\"es\"},{\"@type\":\"Organization\",\"@id\":\"https:\/\/tilz.com\/#organization\",\"name\":\"Tilz Soils and Compost\",\"alternateName\":\"TILZ\",\"url\":\"https:\/\/tilz.com\/\",\"logo\":{\"@type\":\"ImageObject\",\"inLanguage\":\"es\",\"@id\":\"https:\/\/tilz.com\/#\/schema\/logo\/image\/\",\"url\":\"https:\/\/tilz.com\/wp-content\/uploads\/2023\/09\/TILZ-logo-padded.png\",\"contentUrl\":\"https:\/\/tilz.com\/wp-content\/uploads\/2023\/09\/TILZ-logo-padded.png\",\"width\":638,\"height\":572,\"caption\":\"Tilz Soils and Compost\"},\"image\":{\"@id\":\"https:\/\/tilz.com\/#\/schema\/logo\/image\/\"},\"sameAs\":[\"https:\/\/www.facebook.com\/TILZsoils\/\",\"https:\/\/www.instagram.com\/tilz_soil\/\"]}]}<\/script>\n<!-- \/ Yoast SEO plugin. -->","yoast_head_json":{"title":"Hardscaping Materials | TILZ Soils and Compost","robots":{"index":"index","follow":"follow","max-snippet":"max-snippet:-1","max-image-preview":"max-image-preview:large","max-video-preview":"max-video-preview:-1"},"canonical":"https:\/\/tilz.com\/es\/hardscaping-materials\/","og_locale":"es_MX","og_type":"article","og_title":"Hardscaping Materials | TILZ Soils and Compost","og_description":"Pennsylvania Blue Stone Pennsylvania Blue Stone is a true sandstone. Cut from the fossilized sediment of the ancient Acadian Mountain range, Blue Stone is a strong, unique statement for your landscape. Natural, unyielding colors range from blue-green, to earth tone to lilac. When wet or icy, Blue Stone will not be slippery. Varieties we carry:&nbsp;natural...","og_url":"https:\/\/tilz.com\/es\/hardscaping-materials\/","og_site_name":"TILZ Soils and Compost","article_publisher":"https:\/\/www.facebook.com\/TILZsoils\/","article_modified_time":"2023-11-02T17:08:40+00:00","og_image":[{"url":"https:\/\/tilz.com\/wp-content\/uploads\/2023\/10\/hardscaping-materials.jpg","type":"","width":"","height":""}],"schema":{"@context":"https:\/\/schema.org","@graph":[{"@type":"WebPage","@id":"https:\/\/tilz.com\/hardscaping-materials\/","url":"https:\/\/tilz.com\/hardscaping-materials\/","name":"Hardscaping Materials | TILZ Soils and Compost","isPartOf":{"@id":"https:\/\/tilz.com\/#website"},"primaryImageOfPage":{"@id":"https:\/\/tilz.com\/hardscaping-materials\/#primaryimage"},"image":{"@id":"https:\/\/tilz.com\/hardscaping-materials\/#primaryimage"},"thumbnailUrl":"https:\/\/tilz.com\/wp-content\/uploads\/2023\/10\/hardscaping-materials.jpg","datePublished":"2023-10-02T20:16:47+00:00","dateModified":"2023-11-02T17:08:40+00:00","breadcrumb":{"@id":"https:\/\/tilz.com\/hardscaping-materials\/#breadcrumb"},"inLanguage":"es","potentialAction":[{"@type":"ReadAction","target":["https:\/\/tilz.com\/hardscaping-materials\/"]}]},{"@type":"ImageObject","inLanguage":"es","@id":"https:\/\/tilz.com\/hardscaping-materials\/#primaryimage","url":"https:\/\/tilz.com\/wp-content\/uploads\/2023\/10\/hardscaping-materials.jpg","contentUrl":"https:\/\/tilz.com\/wp-content\/uploads\/2023\/10\/hardscaping-materials.jpg"},{"@type":"BreadcrumbList","@id":"https:\/\/tilz.com\/hardscaping-materials\/#breadcrumb","itemListElement":[{"@type":"ListItem","position":1,"name":"Home","item":"https:\/\/tilz.com\/"},{"@type":"ListItem","position":2,"name":"Hardscaping Materials"}]},{"@type":"WebSite","@id":"https:\/\/tilz.com\/#website","url":"https:\/\/tilz.com\/","name":"TILZ Soils and Compost","description":"Come Grow With Us","publisher":{"@id":"https:\/\/tilz.com\/#organization"},"potentialAction":[{"@type":"SearchAction","target":{"@type":"EntryPoint","urlTemplate":"https:\/\/tilz.com\/?s={search_term_string}"},"query-input":{"@type":"PropertyValueSpecification","valueRequired":true,"valueName":"search_term_string"}}],"inLanguage":"es"},{"@type":"Organization","@id":"https:\/\/tilz.com\/#organization","name":"Tilz Soils and Compost","alternateName":"TILZ","url":"https:\/\/tilz.com\/","logo":{"@type":"ImageObject","inLanguage":"es","@id":"https:\/\/tilz.com\/#\/schema\/logo\/image\/","url":"https:\/\/tilz.com\/wp-content\/uploads\/2023\/09\/TILZ-logo-padded.png","contentUrl":"https:\/\/tilz.com\/wp-content\/uploads\/2023\/09\/TILZ-logo-padded.png","width":638,"height":572,"caption":"Tilz Soils and Compost"},"image":{"@id":"https:\/\/tilz.com\/#\/schema\/logo\/image\/"},"sameAs":["https:\/\/www.facebook.com\/TILZsoils\/","https:\/\/www.instagram.com\/tilz_soil\/"]}]}},"taxonomy_info":[],"featured_image_src_large":false,"author_info":{"display_name":"Myrna Ougland","author_link":"https:\/\/tilz.com\/es\/author\/spiderlily\/"},"comment_info":0,"_links":{"self":[{"href":"https:\/\/tilz.com\/es\/wp-json\/wp\/v2\/pages\/126","targetHints":{"allow":["GET"]}}],"collection":[{"href":"https:\/\/tilz.com\/es\/wp-json\/wp\/v2\/pages"}],"about":[{"href":"https:\/\/tilz.com\/es\/wp-json\/wp\/v2\/types\/page"}],"author":[{"embeddable":true,"href":"https:\/\/tilz.com\/es\/wp-json\/wp\/v2\/users\/2"}],"replies":[{"embeddable":true,"href":"https:\/\/tilz.com\/es\/wp-json\/wp\/v2\/comments?post=126"}],"version-history":[{"count":12,"href":"https:\/\/tilz.com\/es\/wp-json\/wp\/v2\/pages\/126\/revisions"}],"predecessor-version":[{"id":552,"href":"https:\/\/tilz.com\/es\/wp-json\/wp\/v2\/pages\/126\/revisions\/552"}],"wp:attachment":[{"href":"https:\/\/tilz.com\/es\/wp-json\/wp\/v2\/media?parent=126"}],"curies":[{"name":"wp","href":"https:\/\/api.w.org\/{rel}","templated":true}]}}