{"id":128,"date":"2023-10-02T13:16:58","date_gmt":"2023-10-02T20:16:58","guid":{"rendered":"https:\/\/e5ed1eecd7.nxcli.io\/?page_id=128"},"modified":"2023-10-18T14:24:39","modified_gmt":"2023-10-18T21:24:39","slug":"our-process","status":"publish","type":"page","link":"https:\/\/tilz.com\/es\/our-process\/","title":{"rendered":"Nuestro proceso"},"content":{"rendered":"<div class=\"wp-block-cover alignfull\"><span aria-hidden=\"true\" class=\"wp-block-cover__background has-background-dim-20 has-background-dim\"><\/span><img loading=\"lazy\" decoding=\"async\" width=\"1600\" height=\"600\" class=\"wp-block-cover__image-background wp-image-209\" alt=\"\" src=\"https:\/\/tilz.com\/wp-content\/uploads\/2023\/10\/composting-process.jpg\" style=\"object-position:14% 43%\" data-object-fit=\"cover\" data-object-position=\"14% 43%\" srcset=\"https:\/\/tilz.com\/wp-content\/uploads\/2023\/10\/composting-process.jpg 1600w, https:\/\/tilz.com\/wp-content\/uploads\/2023\/10\/composting-process-300x113.jpg 300w, https:\/\/tilz.com\/wp-content\/uploads\/2023\/10\/composting-process-1024x384.jpg 1024w, https:\/\/tilz.com\/wp-content\/uploads\/2023\/10\/composting-process-768x288.jpg 768w, https:\/\/tilz.com\/wp-content\/uploads\/2023\/10\/composting-process-1536x576.jpg 1536w, https:\/\/tilz.com\/wp-content\/uploads\/2023\/10\/composting-process-18x7.jpg 18w\" sizes=\"auto, (max-width: 1600px) 100vw, 1600px\" \/><div class=\"wp-block-cover__inner-container is-layout-constrained wp-block-cover-is-layout-constrained\">\n<h1 class=\"wp-block-heading has-text-align-center has-theme-palette-1-color has-text-color\" style=\"font-size:48px;text-transform:uppercase\">Nuestro proceso de compostaje<\/h1>\n<\/div><\/div>\n\n\n\n<p>Como cualquier proceso, nuestro compost ocurre paso a paso. Las fotograf\u00edas muestran c\u00f3mo producimos Topdressing Compost, Compost Mediano y Compost Overs, y tambien el compost que se utiliza en Bainbridge Bounty, 3-Way Soil, Raingarden Mix y Lawn Mix. TILZ Topdressing Compost est\u00e1 certificado para su uso en agricultura organica.<\/p>\n\n\n<style>.kadence-column128_2cc1f3-69{max-width:1600px;margin-left:auto;margin-right:auto;}.wp-block-kadence-column.kb-section-dir-horizontal:not(.kb-section-md-dir-vertical)>.kt-inside-inner-col>.kadence-column128_2cc1f3-69{-webkit-flex:0 1 1600px;flex:0 1 1600px;max-width:unset;margin-left:unset;margin-right:unset;}.kadence-column128_2cc1f3-69 > .kt-inside-inner-col,.kadence-column128_2cc1f3-69 > .kt-inside-inner-col:before{border-top-left-radius:0px;border-top-right-radius:0px;border-bottom-right-radius:0px;border-bottom-left-radius:0px;}.kadence-column128_2cc1f3-69 > .kt-inside-inner-col{column-gap:var(--global-kb-gap-sm, 1rem);}.kadence-column128_2cc1f3-69 > .kt-inside-inner-col{flex-direction:column;}.kadence-column128_2cc1f3-69 > .kt-inside-inner-col > .aligncenter{width:100%;}.kadence-column128_2cc1f3-69 > .kt-inside-inner-col:before{opacity:0.3;}.kadence-column128_2cc1f3-69{position:relative;}@media all and (min-width: 1025px){.wp-block-kadence-column.kb-section-dir-horizontal>.kt-inside-inner-col>.kadence-column128_2cc1f3-69{-webkit-flex:0 1 1600px;flex:0 1 1600px;max-width:unset;margin-left:unset;margin-right:unset;}}@media all and (max-width: 1024px){.kadence-column128_2cc1f3-69 > .kt-inside-inner-col{flex-direction:column;justify-content:center;}}@media all and (max-width: 767px){.wp-block-kadence-column.kb-section-sm-dir-vertical:not(.kb-section-sm-dir-horizontal):not(.kb-section-sm-dir-specificity)>.kt-inside-inner-col>.kadence-column128_2cc1f3-69{max-width:1600px;-webkit-flex:1;flex:1;margin-left:auto;margin-right:auto;}.kadence-column128_2cc1f3-69 > .kt-inside-inner-col{flex-direction:column;justify-content:center;}}<\/style>\n<div class=\"wp-block-kadence-column kadence-column128_2cc1f3-69 alignwide\"><div class=\"kt-inside-inner-col\">\n<div class=\"wp-block-media-text is-stacked-on-mobile has-background\" style=\"background-color:#a0982526;padding-top:var(--wp--preset--spacing--20);padding-right:var(--wp--preset--spacing--20);padding-bottom:var(--wp--preset--spacing--20);padding-left:var(--wp--preset--spacing--20)\"><figure class=\"wp-block-media-text__media\"><img loading=\"lazy\" decoding=\"async\" width=\"800\" height=\"600\" src=\"https:\/\/tilz.com\/wp-content\/uploads\/2023\/10\/yard-waste-step-1.jpg\" alt=\"\" class=\"wp-image-324 size-full\" srcset=\"https:\/\/tilz.com\/wp-content\/uploads\/2023\/10\/yard-waste-step-1.jpg 800w, https:\/\/tilz.com\/wp-content\/uploads\/2023\/10\/yard-waste-step-1-300x225.jpg 300w, https:\/\/tilz.com\/wp-content\/uploads\/2023\/10\/yard-waste-step-1-768x576.jpg 768w, https:\/\/tilz.com\/wp-content\/uploads\/2023\/10\/yard-waste-step-1-16x12.jpg 16w\" sizes=\"auto, (max-width: 800px) 100vw, 800px\" \/><\/figure><div class=\"wp-block-media-text__content\">\n<h3 class=\"wp-block-heading\">Paso 1: Basura de jard\u00edn<\/h3>\n\n\n\n<p>Comenzamos con basura de jard\u00edn local y fresco que dejan los landscapers y residentes a nuestro negocio.<\/p>\n<\/div><\/div>\n\n\n\n<div class=\"wp-block-media-text has-media-on-the-right is-stacked-on-mobile has-background\" style=\"background-color:#a0982526;padding-top:var(--wp--preset--spacing--20);padding-right:var(--wp--preset--spacing--20);padding-bottom:var(--wp--preset--spacing--20);padding-left:var(--wp--preset--spacing--20)\"><div class=\"wp-block-media-text__content\">\n<h3 class=\"wp-block-heading\">Paso 2: Moler<\/h3>\n\n\n\n<p>Luego, los desechos del jard\u00edn se muelen introduci\u00e9ndolos en una m\u00e1quina grande que lo tritura todo en pedazos m\u00e1s peque\u00f1os.<\/p>\n<\/div><figure class=\"wp-block-media-text__media\"><img loading=\"lazy\" decoding=\"async\" width=\"800\" height=\"600\" src=\"https:\/\/tilz.com\/wp-content\/uploads\/2023\/10\/TILZ-grinder.jpg\" alt=\"\" class=\"wp-image-327 size-full\" srcset=\"https:\/\/tilz.com\/wp-content\/uploads\/2023\/10\/TILZ-grinder.jpg 800w, https:\/\/tilz.com\/wp-content\/uploads\/2023\/10\/TILZ-grinder-300x225.jpg 300w, https:\/\/tilz.com\/wp-content\/uploads\/2023\/10\/TILZ-grinder-768x576.jpg 768w, https:\/\/tilz.com\/wp-content\/uploads\/2023\/10\/TILZ-grinder-16x12.jpg 16w\" sizes=\"auto, (max-width: 800px) 100vw, 800px\" \/><\/figure><\/div>\n\n\n<div class=\"wp-block-image is-style-default\">\n<figure class=\"aligncenter size-large\"><img loading=\"lazy\" decoding=\"async\" width=\"1024\" height=\"393\" src=\"https:\/\/tilz.com\/wp-content\/uploads\/2023\/10\/fresh-ground-yard-waste-wide-1024x393.jpg\" alt=\"\" class=\"wp-image-330\" srcset=\"https:\/\/tilz.com\/wp-content\/uploads\/2023\/10\/fresh-ground-yard-waste-wide-1024x393.jpg 1024w, https:\/\/tilz.com\/wp-content\/uploads\/2023\/10\/fresh-ground-yard-waste-wide-300x115.jpg 300w, https:\/\/tilz.com\/wp-content\/uploads\/2023\/10\/fresh-ground-yard-waste-wide-768x295.jpg 768w, https:\/\/tilz.com\/wp-content\/uploads\/2023\/10\/fresh-ground-yard-waste-wide-18x7.jpg 18w, https:\/\/tilz.com\/wp-content\/uploads\/2023\/10\/fresh-ground-yard-waste-wide.jpg 1100w\" sizes=\"auto, (max-width: 1024px) 100vw, 1024px\" \/><figcaption class=\"wp-element-caption\">Material apenas molido y listo para comenzar el proceso de compostaje<\/figcaption><\/figure>\n<\/div>\n\n\n<div class=\"wp-block-media-text is-stacked-on-mobile has-background\" style=\"background-color:#a0982526;padding-top:var(--wp--preset--spacing--20);padding-right:var(--wp--preset--spacing--20);padding-bottom:var(--wp--preset--spacing--20);padding-left:var(--wp--preset--spacing--20)\"><figure class=\"wp-block-media-text__media\"><img loading=\"lazy\" decoding=\"async\" width=\"800\" height=\"600\" src=\"https:\/\/tilz.com\/wp-content\/uploads\/2023\/10\/decomposition-process-mushrooms.jpg\" alt=\"\" class=\"wp-image-331 size-full\" srcset=\"https:\/\/tilz.com\/wp-content\/uploads\/2023\/10\/decomposition-process-mushrooms.jpg 800w, https:\/\/tilz.com\/wp-content\/uploads\/2023\/10\/decomposition-process-mushrooms-300x225.jpg 300w, https:\/\/tilz.com\/wp-content\/uploads\/2023\/10\/decomposition-process-mushrooms-768x576.jpg 768w, https:\/\/tilz.com\/wp-content\/uploads\/2023\/10\/decomposition-process-mushrooms-16x12.jpg 16w\" sizes=\"auto, (max-width: 800px) 100vw, 800px\" \/><\/figure><div class=\"wp-block-media-text__content\">\n<h3 class=\"wp-block-heading\">Paso 3: El proceso de descomposici\u00f3n<\/h3>\n\n\n\n<p>Despu\u00e9s de molerlo, el material se descompone naturalmente con la ayuda de microorganismos y hongos. El compost se calienta de forma natural. Es suficientemente caliente para matar cualquier semilla de mala hierba.<\/p>\n<\/div><\/div>\n\n\n\n<div class=\"wp-block-media-text has-media-on-the-right is-stacked-on-mobile has-background\" style=\"background-color:#a0982526;padding-top:var(--wp--preset--spacing--20);padding-right:var(--wp--preset--spacing--20);padding-bottom:var(--wp--preset--spacing--20);padding-left:var(--wp--preset--spacing--20)\"><div class=\"wp-block-media-text__content\">\n<h3 class=\"wp-block-heading\">El proceso de compostaje<\/h3>\n\n\n\n<p>Con la ayuda de sondas inal\u00e1mbricas, monitoreamos el proceso de compostaje para la humedad y la temperatura. El compost cura y luego se estabiliza durante un per\u00edodo de 60 a 90 d\u00edas.<\/p>\n<\/div><figure class=\"wp-block-media-text__media\"><img loading=\"lazy\" decoding=\"async\" width=\"800\" height=\"600\" src=\"https:\/\/tilz.com\/wp-content\/uploads\/2023\/10\/composting-process-1.jpg\" alt=\"\" class=\"wp-image-333 size-full\" srcset=\"https:\/\/tilz.com\/wp-content\/uploads\/2023\/10\/composting-process-1.jpg 800w, https:\/\/tilz.com\/wp-content\/uploads\/2023\/10\/composting-process-1-300x225.jpg 300w, https:\/\/tilz.com\/wp-content\/uploads\/2023\/10\/composting-process-1-768x576.jpg 768w, https:\/\/tilz.com\/wp-content\/uploads\/2023\/10\/composting-process-1-16x12.jpg 16w\" sizes=\"auto, (max-width: 800px) 100vw, 800px\" \/><\/figure><\/div>\n\n\n\n<div class=\"wp-block-media-text is-stacked-on-mobile has-background\" style=\"background-color:#a0982526;padding-top:var(--wp--preset--spacing--20);padding-right:var(--wp--preset--spacing--20);padding-bottom:var(--wp--preset--spacing--20);padding-left:var(--wp--preset--spacing--20)\"><figure class=\"wp-block-media-text__media\"><img loading=\"lazy\" decoding=\"async\" width=\"800\" height=\"600\" src=\"https:\/\/tilz.com\/wp-content\/uploads\/2023\/10\/finished-compost.jpg\" alt=\"\" class=\"wp-image-334 size-full\" srcset=\"https:\/\/tilz.com\/wp-content\/uploads\/2023\/10\/finished-compost.jpg 800w, https:\/\/tilz.com\/wp-content\/uploads\/2023\/10\/finished-compost-300x225.jpg 300w, https:\/\/tilz.com\/wp-content\/uploads\/2023\/10\/finished-compost-768x576.jpg 768w, https:\/\/tilz.com\/wp-content\/uploads\/2023\/10\/finished-compost-16x12.jpg 16w\" sizes=\"auto, (max-width: 800px) 100vw, 800px\" \/><\/figure><div class=\"wp-block-media-text__content\">\n<h3 class=\"wp-block-heading\">Paso 4: El producto final<\/h3>\n\n\n\n<p>El compost se pasa a trav\u00e9s de una criba de 3\/8\u2033, produciendo TILZ Topdressing. Despu\u00e9s de esto, el compost se mezcla con otros productos para hacer Bainbridge Bounty, 3-Way Soil, Lawn Mix y Raingarden Mix.<\/p>\n<\/div><\/div>\n\n\n\n<div class=\"wp-block-media-text has-media-on-the-right is-stacked-on-mobile has-background\" style=\"background-color:#a0982526;padding-top:var(--wp--preset--spacing--20);padding-right:var(--wp--preset--spacing--20);padding-bottom:var(--wp--preset--spacing--20);padding-left:var(--wp--preset--spacing--20)\"><div class=\"wp-block-media-text__content\">\n<h3 class=\"wp-block-heading\">Es hora de las grandes m\u00e1quinas<\/h3>\n\n\n\n<p>El compost y otros productos se mueven y mezclan con m\u00e1quinas como esta cargadora frontal.<\/p>\n<\/div><figure class=\"wp-block-media-text__media\"><img loading=\"lazy\" decoding=\"async\" width=\"800\" height=\"600\" src=\"https:\/\/tilz.com\/wp-content\/uploads\/2023\/10\/front-end-loader.jpg\" alt=\"\" class=\"wp-image-335 size-full\" srcset=\"https:\/\/tilz.com\/wp-content\/uploads\/2023\/10\/front-end-loader.jpg 800w, https:\/\/tilz.com\/wp-content\/uploads\/2023\/10\/front-end-loader-300x225.jpg 300w, https:\/\/tilz.com\/wp-content\/uploads\/2023\/10\/front-end-loader-768x576.jpg 768w, https:\/\/tilz.com\/wp-content\/uploads\/2023\/10\/front-end-loader-16x12.jpg 16w\" sizes=\"auto, (max-width: 800px) 100vw, 800px\" \/><\/figure><\/div>\n<\/div><\/div>\n\n\n\n<div style=\"height:21px\" aria-hidden=\"true\" class=\"wp-block-spacer\"><\/div>\n\n\n\n<figure class=\"wp-block-image alignfull size-large\"><img loading=\"lazy\" decoding=\"async\" width=\"1024\" height=\"192\" src=\"https:\/\/tilz.com\/wp-content\/uploads\/2023\/10\/daisies-1024x192.jpg\" alt=\"\" class=\"wp-image-468\" srcset=\"https:\/\/tilz.com\/wp-content\/uploads\/2023\/10\/daisies-1024x192.jpg 1024w, https:\/\/tilz.com\/wp-content\/uploads\/2023\/10\/daisies-300x56.jpg 300w, https:\/\/tilz.com\/wp-content\/uploads\/2023\/10\/daisies-768x144.jpg 768w, https:\/\/tilz.com\/wp-content\/uploads\/2023\/10\/daisies-1536x288.jpg 1536w, https:\/\/tilz.com\/wp-content\/uploads\/2023\/10\/daisies-18x3.jpg 18w, https:\/\/tilz.com\/wp-content\/uploads\/2023\/10\/daisies.jpg 1600w\" sizes=\"auto, (max-width: 1024px) 100vw, 1024px\" \/><\/figure>","protected":false},"excerpt":{"rendered":"<p>Like any process, our composting happens one step at a time. The following describes how we produce&nbsp;Topdressing Compost,&nbsp;Medium Compost&nbsp;and&nbsp;Compost Overs, as well as the compost that goes into the&nbsp;Bainbridge Bounty,&nbsp;3-Way Soil,&nbsp;Raingarden Mix&nbsp;and&nbsp;Lawn Mix. TILZ Topdressing Compost is certified for use in organic gardening. Step 1: Yard Waste We start with fresh local yard and plant&#8230;<\/p>","protected":false},"author":2,"featured_media":0,"parent":0,"menu_order":0,"comment_status":"closed","ping_status":"closed","template":"","meta":{"_kad_blocks_custom_css":"","_kad_blocks_head_custom_js":"","_kad_blocks_body_custom_js":"","_kad_blocks_footer_custom_js":"","_kad_post_transparent":"","_kad_post_title":"","_kad_post_layout":"narrow","_kad_post_sidebar_id":"","_kad_post_content_style":"","_kad_post_vertical_padding":"hide","_kad_post_feature":"","_kad_post_feature_position":"","_kad_post_header":false,"_kad_post_footer":false,"_kad_post_classname":"","footnotes":""},"class_list":["post-128","page","type-page","status-publish","hentry"],"yoast_head":"<!-- This site is optimized with the Yoast SEO plugin v27.1.1 - https:\/\/yoast.com\/product\/yoast-seo-wordpress\/ -->\n<title>Our Process | TILZ Soils and Compost<\/title>\n<meta name=\"robots\" content=\"index, follow, max-snippet:-1, max-image-preview:large, max-video-preview:-1\" \/>\n<link rel=\"canonical\" href=\"https:\/\/tilz.com\/es\/our-process\/\" \/>\n<meta property=\"og:locale\" content=\"es_MX\" \/>\n<meta property=\"og:type\" content=\"article\" \/>\n<meta property=\"og:title\" content=\"Our Process | TILZ Soils and Compost\" \/>\n<meta property=\"og:description\" content=\"Like any process, our composting happens one step at a time. The following describes how we produce&nbsp;Topdressing Compost,&nbsp;Medium Compost&nbsp;and&nbsp;Compost Overs, as well as the compost that goes into the&nbsp;Bainbridge Bounty,&nbsp;3-Way Soil,&nbsp;Raingarden Mix&nbsp;and&nbsp;Lawn Mix. TILZ Topdressing Compost is certified for use in organic gardening. Step 1: Yard Waste We start with fresh local yard and plant...\" \/>\n<meta property=\"og:url\" content=\"https:\/\/tilz.com\/es\/our-process\/\" \/>\n<meta property=\"og:site_name\" content=\"TILZ Soils and Compost\" \/>\n<meta property=\"article:publisher\" content=\"https:\/\/www.facebook.com\/TILZsoils\/\" \/>\n<meta property=\"article:modified_time\" content=\"2023-10-18T21:24:39+00:00\" \/>\n<meta property=\"og:image\" content=\"https:\/\/tilz.com\/wp-content\/uploads\/2023\/10\/composting-process.jpg\" \/>\n<script type=\"application\/ld+json\" class=\"yoast-schema-graph\">{\"@context\":\"https:\/\/schema.org\",\"@graph\":[{\"@type\":\"WebPage\",\"@id\":\"https:\/\/tilz.com\/our-process\/\",\"url\":\"https:\/\/tilz.com\/our-process\/\",\"name\":\"Our Process | TILZ Soils and Compost\",\"isPartOf\":{\"@id\":\"https:\/\/tilz.com\/#website\"},\"primaryImageOfPage\":{\"@id\":\"https:\/\/tilz.com\/our-process\/#primaryimage\"},\"image\":{\"@id\":\"https:\/\/tilz.com\/our-process\/#primaryimage\"},\"thumbnailUrl\":\"https:\/\/tilz.com\/wp-content\/uploads\/2023\/10\/composting-process.jpg\",\"datePublished\":\"2023-10-02T20:16:58+00:00\",\"dateModified\":\"2023-10-18T21:24:39+00:00\",\"breadcrumb\":{\"@id\":\"https:\/\/tilz.com\/our-process\/#breadcrumb\"},\"inLanguage\":\"es\",\"potentialAction\":[{\"@type\":\"ReadAction\",\"target\":[\"https:\/\/tilz.com\/our-process\/\"]}]},{\"@type\":\"ImageObject\",\"inLanguage\":\"es\",\"@id\":\"https:\/\/tilz.com\/our-process\/#primaryimage\",\"url\":\"https:\/\/tilz.com\/wp-content\/uploads\/2023\/10\/composting-process.jpg\",\"contentUrl\":\"https:\/\/tilz.com\/wp-content\/uploads\/2023\/10\/composting-process.jpg\"},{\"@type\":\"BreadcrumbList\",\"@id\":\"https:\/\/tilz.com\/our-process\/#breadcrumb\",\"itemListElement\":[{\"@type\":\"ListItem\",\"position\":1,\"name\":\"Home\",\"item\":\"https:\/\/tilz.com\/\"},{\"@type\":\"ListItem\",\"position\":2,\"name\":\"Our Process\"}]},{\"@type\":\"WebSite\",\"@id\":\"https:\/\/tilz.com\/#website\",\"url\":\"https:\/\/tilz.com\/\",\"name\":\"TILZ Soils and Compost\",\"description\":\"Come Grow With Us\",\"publisher\":{\"@id\":\"https:\/\/tilz.com\/#organization\"},\"potentialAction\":[{\"@type\":\"SearchAction\",\"target\":{\"@type\":\"EntryPoint\",\"urlTemplate\":\"https:\/\/tilz.com\/?s={search_term_string}\"},\"query-input\":{\"@type\":\"PropertyValueSpecification\",\"valueRequired\":true,\"valueName\":\"search_term_string\"}}],\"inLanguage\":\"es\"},{\"@type\":\"Organization\",\"@id\":\"https:\/\/tilz.com\/#organization\",\"name\":\"Tilz Soils and Compost\",\"alternateName\":\"TILZ\",\"url\":\"https:\/\/tilz.com\/\",\"logo\":{\"@type\":\"ImageObject\",\"inLanguage\":\"es\",\"@id\":\"https:\/\/tilz.com\/#\/schema\/logo\/image\/\",\"url\":\"https:\/\/tilz.com\/wp-content\/uploads\/2023\/09\/TILZ-logo-padded.png\",\"contentUrl\":\"https:\/\/tilz.com\/wp-content\/uploads\/2023\/09\/TILZ-logo-padded.png\",\"width\":638,\"height\":572,\"caption\":\"Tilz Soils and Compost\"},\"image\":{\"@id\":\"https:\/\/tilz.com\/#\/schema\/logo\/image\/\"},\"sameAs\":[\"https:\/\/www.facebook.com\/TILZsoils\/\",\"https:\/\/www.instagram.com\/tilz_soil\/\"]}]}<\/script>\n<!-- \/ Yoast SEO plugin. -->","yoast_head_json":{"title":"Our Process | TILZ Soils and Compost","robots":{"index":"index","follow":"follow","max-snippet":"max-snippet:-1","max-image-preview":"max-image-preview:large","max-video-preview":"max-video-preview:-1"},"canonical":"https:\/\/tilz.com\/es\/our-process\/","og_locale":"es_MX","og_type":"article","og_title":"Our Process | TILZ Soils and Compost","og_description":"Like any process, our composting happens one step at a time. The following describes how we produce&nbsp;Topdressing Compost,&nbsp;Medium Compost&nbsp;and&nbsp;Compost Overs, as well as the compost that goes into the&nbsp;Bainbridge Bounty,&nbsp;3-Way Soil,&nbsp;Raingarden Mix&nbsp;and&nbsp;Lawn Mix. TILZ Topdressing Compost is certified for use in organic gardening. Step 1: Yard Waste We start with fresh local yard and plant...","og_url":"https:\/\/tilz.com\/es\/our-process\/","og_site_name":"TILZ Soils and Compost","article_publisher":"https:\/\/www.facebook.com\/TILZsoils\/","article_modified_time":"2023-10-18T21:24:39+00:00","og_image":[{"url":"https:\/\/tilz.com\/wp-content\/uploads\/2023\/10\/composting-process.jpg","type":"","width":"","height":""}],"schema":{"@context":"https:\/\/schema.org","@graph":[{"@type":"WebPage","@id":"https:\/\/tilz.com\/our-process\/","url":"https:\/\/tilz.com\/our-process\/","name":"Our Process | TILZ Soils and Compost","isPartOf":{"@id":"https:\/\/tilz.com\/#website"},"primaryImageOfPage":{"@id":"https:\/\/tilz.com\/our-process\/#primaryimage"},"image":{"@id":"https:\/\/tilz.com\/our-process\/#primaryimage"},"thumbnailUrl":"https:\/\/tilz.com\/wp-content\/uploads\/2023\/10\/composting-process.jpg","datePublished":"2023-10-02T20:16:58+00:00","dateModified":"2023-10-18T21:24:39+00:00","breadcrumb":{"@id":"https:\/\/tilz.com\/our-process\/#breadcrumb"},"inLanguage":"es","potentialAction":[{"@type":"ReadAction","target":["https:\/\/tilz.com\/our-process\/"]}]},{"@type":"ImageObject","inLanguage":"es","@id":"https:\/\/tilz.com\/our-process\/#primaryimage","url":"https:\/\/tilz.com\/wp-content\/uploads\/2023\/10\/composting-process.jpg","contentUrl":"https:\/\/tilz.com\/wp-content\/uploads\/2023\/10\/composting-process.jpg"},{"@type":"BreadcrumbList","@id":"https:\/\/tilz.com\/our-process\/#breadcrumb","itemListElement":[{"@type":"ListItem","position":1,"name":"Home","item":"https:\/\/tilz.com\/"},{"@type":"ListItem","position":2,"name":"Our Process"}]},{"@type":"WebSite","@id":"https:\/\/tilz.com\/#website","url":"https:\/\/tilz.com\/","name":"TILZ Soils and Compost","description":"Come Grow With Us","publisher":{"@id":"https:\/\/tilz.com\/#organization"},"potentialAction":[{"@type":"SearchAction","target":{"@type":"EntryPoint","urlTemplate":"https:\/\/tilz.com\/?s={search_term_string}"},"query-input":{"@type":"PropertyValueSpecification","valueRequired":true,"valueName":"search_term_string"}}],"inLanguage":"es"},{"@type":"Organization","@id":"https:\/\/tilz.com\/#organization","name":"Tilz Soils and Compost","alternateName":"TILZ","url":"https:\/\/tilz.com\/","logo":{"@type":"ImageObject","inLanguage":"es","@id":"https:\/\/tilz.com\/#\/schema\/logo\/image\/","url":"https:\/\/tilz.com\/wp-content\/uploads\/2023\/09\/TILZ-logo-padded.png","contentUrl":"https:\/\/tilz.com\/wp-content\/uploads\/2023\/09\/TILZ-logo-padded.png","width":638,"height":572,"caption":"Tilz Soils and Compost"},"image":{"@id":"https:\/\/tilz.com\/#\/schema\/logo\/image\/"},"sameAs":["https:\/\/www.facebook.com\/TILZsoils\/","https:\/\/www.instagram.com\/tilz_soil\/"]}]}},"taxonomy_info":[],"featured_image_src_large":false,"author_info":{"display_name":"Myrna Ougland","author_link":"https:\/\/tilz.com\/es\/author\/spiderlily\/"},"comment_info":0,"_links":{"self":[{"href":"https:\/\/tilz.com\/es\/wp-json\/wp\/v2\/pages\/128","targetHints":{"allow":["GET"]}}],"collection":[{"href":"https:\/\/tilz.com\/es\/wp-json\/wp\/v2\/pages"}],"about":[{"href":"https:\/\/tilz.com\/es\/wp-json\/wp\/v2\/types\/page"}],"author":[{"embeddable":true,"href":"https:\/\/tilz.com\/es\/wp-json\/wp\/v2\/users\/2"}],"replies":[{"embeddable":true,"href":"https:\/\/tilz.com\/es\/wp-json\/wp\/v2\/comments?post=128"}],"version-history":[{"count":10,"href":"https:\/\/tilz.com\/es\/wp-json\/wp\/v2\/pages\/128\/revisions"}],"predecessor-version":[{"id":469,"href":"https:\/\/tilz.com\/es\/wp-json\/wp\/v2\/pages\/128\/revisions\/469"}],"wp:attachment":[{"href":"https:\/\/tilz.com\/es\/wp-json\/wp\/v2\/media?parent=128"}],"curies":[{"name":"wp","href":"https:\/\/api.w.org\/{rel}","templated":true}]}}