{"id":166,"date":"2023-10-02T14:41:18","date_gmt":"2023-10-02T21:41:18","guid":{"rendered":"https:\/\/e5ed1eecd7.nxcli.io\/?page_id=166"},"modified":"2023-10-30T13:08:36","modified_gmt":"2023-10-30T20:08:36","slug":"yard-waste","status":"publish","type":"page","link":"https:\/\/tilz.com\/es\/yard-waste\/","title":{"rendered":"Basura de landscaping"},"content":{"rendered":"<div class=\"wp-block-cover alignfull\"><span aria-hidden=\"true\" class=\"wp-block-cover__background has-background-dim-30 has-background-dim\"><\/span><img loading=\"lazy\" decoding=\"async\" width=\"1600\" height=\"600\" class=\"wp-block-cover__image-background wp-image-211\" alt=\"\" src=\"https:\/\/tilz.com\/wp-content\/uploads\/2023\/10\/yard-waste.jpg\" data-object-fit=\"cover\" srcset=\"https:\/\/tilz.com\/wp-content\/uploads\/2023\/10\/yard-waste.jpg 1600w, https:\/\/tilz.com\/wp-content\/uploads\/2023\/10\/yard-waste-300x113.jpg 300w, https:\/\/tilz.com\/wp-content\/uploads\/2023\/10\/yard-waste-1024x384.jpg 1024w, https:\/\/tilz.com\/wp-content\/uploads\/2023\/10\/yard-waste-768x288.jpg 768w, https:\/\/tilz.com\/wp-content\/uploads\/2023\/10\/yard-waste-1536x576.jpg 1536w, https:\/\/tilz.com\/wp-content\/uploads\/2023\/10\/yard-waste-18x7.jpg 18w\" sizes=\"auto, (max-width: 1600px) 100vw, 1600px\" \/><div class=\"wp-block-cover__inner-container is-layout-constrained wp-block-cover-is-layout-constrained\">\n<h1 class=\"wp-block-heading has-text-align-center has-theme-palette-1-color has-text-color\" style=\"font-size:48px;text-transform:uppercase\">Basura de landscaping<\/h1>\n<\/div><\/div>\n\n\n\n<p><strong>Aceptamos la mayor\u00eda de los materiales org\u00e1nicos de su jard\u00edn o madera<\/strong> desde su jard\u00edn o bosque:\u00a0<strong>hojas, ramas, madera sin tratar ni te\u00f1ir, troncos y recortes de c\u00e9sped<\/strong> <strong>y restos de jard\u00edn. Tambien aceptamos basura de la cocina.<\/strong>. <strong>Nosotros no aceptamos:<\/strong>\u00a0<strong>c\u00e9sped adjunta a la tierra, rocas, tocones, basura de plastica o metal.<\/strong>\u00a0<\/p>\n\n\n\n<p><strong>C\u00f3mo funciona:<\/strong> C\u00f3mo funciona: lleve la basura en cami\u00f3n, en botes o en bolsas. La mediremos y entonces puedes dumpearla. Precio por yarda c\u00fabica.<\/p>\n\n\n\n<p>Luego, la basura se convierte en compost, un procesco que lo transforma en un producto rico en nutrientes para alimentar las plantas, enmendar la tierra y convertirse un mulch para reprimir las malas hierbas.<\/p>\n\n\n\n<figure class=\"wp-block-gallery alignwide has-nested-images columns-default is-cropped wp-block-gallery-1 is-layout-flex wp-block-gallery-is-layout-flex\">\n<figure class=\"wp-block-image size-large\"><img loading=\"lazy\" decoding=\"async\" width=\"400\" height=\"533\" data-id=\"462\" src=\"https:\/\/tilz.com\/wp-content\/uploads\/2023\/10\/yard-waste-grass-clippings.jpg\" alt=\"\" class=\"wp-image-462\" srcset=\"https:\/\/tilz.com\/wp-content\/uploads\/2023\/10\/yard-waste-grass-clippings.jpg 400w, https:\/\/tilz.com\/wp-content\/uploads\/2023\/10\/yard-waste-grass-clippings-225x300.jpg 225w, https:\/\/tilz.com\/wp-content\/uploads\/2023\/10\/yard-waste-grass-clippings-9x12.jpg 9w\" sizes=\"auto, (max-width: 400px) 100vw, 400px\" \/><\/figure>\n\n\n\n<figure class=\"wp-block-image size-large\"><img loading=\"lazy\" decoding=\"async\" width=\"400\" height=\"533\" data-id=\"461\" src=\"https:\/\/tilz.com\/wp-content\/uploads\/2023\/10\/yard-waste-1.jpg\" alt=\"\" class=\"wp-image-461\" srcset=\"https:\/\/tilz.com\/wp-content\/uploads\/2023\/10\/yard-waste-1.jpg 400w, https:\/\/tilz.com\/wp-content\/uploads\/2023\/10\/yard-waste-1-225x300.jpg 225w, https:\/\/tilz.com\/wp-content\/uploads\/2023\/10\/yard-waste-1-9x12.jpg 9w\" sizes=\"auto, (max-width: 400px) 100vw, 400px\" \/><\/figure>\n\n\n\n<figure class=\"wp-block-image size-large\"><img loading=\"lazy\" decoding=\"async\" width=\"400\" height=\"533\" data-id=\"463\" src=\"https:\/\/tilz.com\/wp-content\/uploads\/2023\/10\/yard-waste-logs.jpg\" alt=\"\" class=\"wp-image-463\" srcset=\"https:\/\/tilz.com\/wp-content\/uploads\/2023\/10\/yard-waste-logs.jpg 400w, https:\/\/tilz.com\/wp-content\/uploads\/2023\/10\/yard-waste-logs-225x300.jpg 225w, https:\/\/tilz.com\/wp-content\/uploads\/2023\/10\/yard-waste-logs-9x12.jpg 9w\" sizes=\"auto, (max-width: 400px) 100vw, 400px\" \/><\/figure>\n<\/figure>\n\n\n\n<div style=\"height:21px\" aria-hidden=\"true\" class=\"wp-block-spacer\"><\/div>\n\n\n\n<figure class=\"wp-block-image alignfull size-large\"><img loading=\"lazy\" decoding=\"async\" width=\"1024\" height=\"192\" src=\"https:\/\/tilz.com\/wp-content\/uploads\/2023\/10\/california-poppies-1024x192.jpg\" alt=\"\" class=\"wp-image-457\" srcset=\"https:\/\/tilz.com\/wp-content\/uploads\/2023\/10\/california-poppies-1024x192.jpg 1024w, https:\/\/tilz.com\/wp-content\/uploads\/2023\/10\/california-poppies-300x56.jpg 300w, https:\/\/tilz.com\/wp-content\/uploads\/2023\/10\/california-poppies-768x144.jpg 768w, https:\/\/tilz.com\/wp-content\/uploads\/2023\/10\/california-poppies-1536x288.jpg 1536w, https:\/\/tilz.com\/wp-content\/uploads\/2023\/10\/california-poppies-18x3.jpg 18w, https:\/\/tilz.com\/wp-content\/uploads\/2023\/10\/california-poppies.jpg 1600w\" sizes=\"auto, (max-width: 1024px) 100vw, 1024px\" \/><\/figure>","protected":false},"excerpt":{"rendered":"<p>We take most organic materials from your yard or woods:\u00a0leaves, branches, untreated and unstained wood, logs, grass clippings and garden debris. We don\u2019t take:\u00a0sod, garbage, plastic or metal.\u00a0 How it works: bring yard waste loose in your truck, in cans or in bags. We\u2019ll measure how much it is and charge accordingly. Priced by the&#8230;<\/p>","protected":false},"author":2,"featured_media":0,"parent":0,"menu_order":0,"comment_status":"closed","ping_status":"closed","template":"","meta":{"_kad_blocks_custom_css":"","_kad_blocks_head_custom_js":"","_kad_blocks_body_custom_js":"","_kad_blocks_footer_custom_js":"","_kad_post_transparent":"","_kad_post_title":"","_kad_post_layout":"narrow","_kad_post_sidebar_id":"","_kad_post_content_style":"","_kad_post_vertical_padding":"hide","_kad_post_feature":"","_kad_post_feature_position":"","_kad_post_header":false,"_kad_post_footer":false,"_kad_post_classname":"","footnotes":""},"class_list":["post-166","page","type-page","status-publish","hentry"],"yoast_head":"<!-- This site is optimized with the Yoast SEO plugin v27.1.1 - https:\/\/yoast.com\/product\/yoast-seo-wordpress\/ -->\n<title>Yard Waste | TILZ Soils and Compost<\/title>\n<meta name=\"robots\" content=\"index, follow, max-snippet:-1, max-image-preview:large, max-video-preview:-1\" \/>\n<link rel=\"canonical\" href=\"https:\/\/tilz.com\/es\/yard-waste\/\" \/>\n<meta property=\"og:locale\" content=\"es_MX\" \/>\n<meta property=\"og:type\" content=\"article\" \/>\n<meta property=\"og:title\" content=\"Yard Waste | TILZ Soils and Compost\" \/>\n<meta property=\"og:description\" content=\"We take most organic materials from your yard or woods:\u00a0leaves, branches, untreated and unstained wood, logs, grass clippings and garden debris. We don\u2019t take:\u00a0sod, garbage, plastic or metal.\u00a0 How it works: bring yard waste loose in your truck, in cans or in bags. We\u2019ll measure how much it is and charge accordingly. Priced by the...\" \/>\n<meta property=\"og:url\" content=\"https:\/\/tilz.com\/es\/yard-waste\/\" \/>\n<meta property=\"og:site_name\" content=\"TILZ Soils and Compost\" \/>\n<meta property=\"article:publisher\" content=\"https:\/\/www.facebook.com\/TILZsoils\/\" \/>\n<meta property=\"article:modified_time\" content=\"2023-10-30T20:08:36+00:00\" \/>\n<meta property=\"og:image\" content=\"https:\/\/tilz.com\/wp-content\/uploads\/2023\/10\/yard-waste.jpg\" \/>\n<script type=\"application\/ld+json\" class=\"yoast-schema-graph\">{\"@context\":\"https:\/\/schema.org\",\"@graph\":[{\"@type\":\"WebPage\",\"@id\":\"https:\/\/tilz.com\/yard-waste\/\",\"url\":\"https:\/\/tilz.com\/yard-waste\/\",\"name\":\"Yard Waste | TILZ Soils and Compost\",\"isPartOf\":{\"@id\":\"https:\/\/tilz.com\/#website\"},\"primaryImageOfPage\":{\"@id\":\"https:\/\/tilz.com\/yard-waste\/#primaryimage\"},\"image\":{\"@id\":\"https:\/\/tilz.com\/yard-waste\/#primaryimage\"},\"thumbnailUrl\":\"https:\/\/tilz.com\/wp-content\/uploads\/2023\/10\/yard-waste.jpg\",\"datePublished\":\"2023-10-02T21:41:18+00:00\",\"dateModified\":\"2023-10-30T20:08:36+00:00\",\"breadcrumb\":{\"@id\":\"https:\/\/tilz.com\/yard-waste\/#breadcrumb\"},\"inLanguage\":\"es\",\"potentialAction\":[{\"@type\":\"ReadAction\",\"target\":[\"https:\/\/tilz.com\/yard-waste\/\"]}]},{\"@type\":\"ImageObject\",\"inLanguage\":\"es\",\"@id\":\"https:\/\/tilz.com\/yard-waste\/#primaryimage\",\"url\":\"https:\/\/tilz.com\/wp-content\/uploads\/2023\/10\/yard-waste.jpg\",\"contentUrl\":\"https:\/\/tilz.com\/wp-content\/uploads\/2023\/10\/yard-waste.jpg\"},{\"@type\":\"BreadcrumbList\",\"@id\":\"https:\/\/tilz.com\/yard-waste\/#breadcrumb\",\"itemListElement\":[{\"@type\":\"ListItem\",\"position\":1,\"name\":\"Home\",\"item\":\"https:\/\/tilz.com\/\"},{\"@type\":\"ListItem\",\"position\":2,\"name\":\"Yard Waste\"}]},{\"@type\":\"WebSite\",\"@id\":\"https:\/\/tilz.com\/#website\",\"url\":\"https:\/\/tilz.com\/\",\"name\":\"TILZ Soils and Compost\",\"description\":\"Come Grow With Us\",\"publisher\":{\"@id\":\"https:\/\/tilz.com\/#organization\"},\"potentialAction\":[{\"@type\":\"SearchAction\",\"target\":{\"@type\":\"EntryPoint\",\"urlTemplate\":\"https:\/\/tilz.com\/?s={search_term_string}\"},\"query-input\":{\"@type\":\"PropertyValueSpecification\",\"valueRequired\":true,\"valueName\":\"search_term_string\"}}],\"inLanguage\":\"es\"},{\"@type\":\"Organization\",\"@id\":\"https:\/\/tilz.com\/#organization\",\"name\":\"Tilz Soils and Compost\",\"alternateName\":\"TILZ\",\"url\":\"https:\/\/tilz.com\/\",\"logo\":{\"@type\":\"ImageObject\",\"inLanguage\":\"es\",\"@id\":\"https:\/\/tilz.com\/#\/schema\/logo\/image\/\",\"url\":\"https:\/\/tilz.com\/wp-content\/uploads\/2023\/09\/TILZ-logo-padded.png\",\"contentUrl\":\"https:\/\/tilz.com\/wp-content\/uploads\/2023\/09\/TILZ-logo-padded.png\",\"width\":638,\"height\":572,\"caption\":\"Tilz Soils and Compost\"},\"image\":{\"@id\":\"https:\/\/tilz.com\/#\/schema\/logo\/image\/\"},\"sameAs\":[\"https:\/\/www.facebook.com\/TILZsoils\/\",\"https:\/\/www.instagram.com\/tilz_soil\/\"]}]}<\/script>\n<!-- \/ Yoast SEO plugin. -->","yoast_head_json":{"title":"Yard Waste | TILZ Soils and Compost","robots":{"index":"index","follow":"follow","max-snippet":"max-snippet:-1","max-image-preview":"max-image-preview:large","max-video-preview":"max-video-preview:-1"},"canonical":"https:\/\/tilz.com\/es\/yard-waste\/","og_locale":"es_MX","og_type":"article","og_title":"Yard Waste | TILZ Soils and Compost","og_description":"We take most organic materials from your yard or woods:\u00a0leaves, branches, untreated and unstained wood, logs, grass clippings and garden debris. We don\u2019t take:\u00a0sod, garbage, plastic or metal.\u00a0 How it works: bring yard waste loose in your truck, in cans or in bags. We\u2019ll measure how much it is and charge accordingly. Priced by the...","og_url":"https:\/\/tilz.com\/es\/yard-waste\/","og_site_name":"TILZ Soils and Compost","article_publisher":"https:\/\/www.facebook.com\/TILZsoils\/","article_modified_time":"2023-10-30T20:08:36+00:00","og_image":[{"url":"https:\/\/tilz.com\/wp-content\/uploads\/2023\/10\/yard-waste.jpg","type":"","width":"","height":""}],"schema":{"@context":"https:\/\/schema.org","@graph":[{"@type":"WebPage","@id":"https:\/\/tilz.com\/yard-waste\/","url":"https:\/\/tilz.com\/yard-waste\/","name":"Yard Waste | TILZ Soils and Compost","isPartOf":{"@id":"https:\/\/tilz.com\/#website"},"primaryImageOfPage":{"@id":"https:\/\/tilz.com\/yard-waste\/#primaryimage"},"image":{"@id":"https:\/\/tilz.com\/yard-waste\/#primaryimage"},"thumbnailUrl":"https:\/\/tilz.com\/wp-content\/uploads\/2023\/10\/yard-waste.jpg","datePublished":"2023-10-02T21:41:18+00:00","dateModified":"2023-10-30T20:08:36+00:00","breadcrumb":{"@id":"https:\/\/tilz.com\/yard-waste\/#breadcrumb"},"inLanguage":"es","potentialAction":[{"@type":"ReadAction","target":["https:\/\/tilz.com\/yard-waste\/"]}]},{"@type":"ImageObject","inLanguage":"es","@id":"https:\/\/tilz.com\/yard-waste\/#primaryimage","url":"https:\/\/tilz.com\/wp-content\/uploads\/2023\/10\/yard-waste.jpg","contentUrl":"https:\/\/tilz.com\/wp-content\/uploads\/2023\/10\/yard-waste.jpg"},{"@type":"BreadcrumbList","@id":"https:\/\/tilz.com\/yard-waste\/#breadcrumb","itemListElement":[{"@type":"ListItem","position":1,"name":"Home","item":"https:\/\/tilz.com\/"},{"@type":"ListItem","position":2,"name":"Yard Waste"}]},{"@type":"WebSite","@id":"https:\/\/tilz.com\/#website","url":"https:\/\/tilz.com\/","name":"TILZ Soils and Compost","description":"Come Grow With Us","publisher":{"@id":"https:\/\/tilz.com\/#organization"},"potentialAction":[{"@type":"SearchAction","target":{"@type":"EntryPoint","urlTemplate":"https:\/\/tilz.com\/?s={search_term_string}"},"query-input":{"@type":"PropertyValueSpecification","valueRequired":true,"valueName":"search_term_string"}}],"inLanguage":"es"},{"@type":"Organization","@id":"https:\/\/tilz.com\/#organization","name":"Tilz Soils and Compost","alternateName":"TILZ","url":"https:\/\/tilz.com\/","logo":{"@type":"ImageObject","inLanguage":"es","@id":"https:\/\/tilz.com\/#\/schema\/logo\/image\/","url":"https:\/\/tilz.com\/wp-content\/uploads\/2023\/09\/TILZ-logo-padded.png","contentUrl":"https:\/\/tilz.com\/wp-content\/uploads\/2023\/09\/TILZ-logo-padded.png","width":638,"height":572,"caption":"Tilz Soils and Compost"},"image":{"@id":"https:\/\/tilz.com\/#\/schema\/logo\/image\/"},"sameAs":["https:\/\/www.facebook.com\/TILZsoils\/","https:\/\/www.instagram.com\/tilz_soil\/"]}]}},"taxonomy_info":[],"featured_image_src_large":false,"author_info":{"display_name":"Myrna Ougland","author_link":"https:\/\/tilz.com\/es\/author\/spiderlily\/"},"comment_info":0,"_links":{"self":[{"href":"https:\/\/tilz.com\/es\/wp-json\/wp\/v2\/pages\/166","targetHints":{"allow":["GET"]}}],"collection":[{"href":"https:\/\/tilz.com\/es\/wp-json\/wp\/v2\/pages"}],"about":[{"href":"https:\/\/tilz.com\/es\/wp-json\/wp\/v2\/types\/page"}],"author":[{"embeddable":true,"href":"https:\/\/tilz.com\/es\/wp-json\/wp\/v2\/users\/2"}],"replies":[{"embeddable":true,"href":"https:\/\/tilz.com\/es\/wp-json\/wp\/v2\/comments?post=166"}],"version-history":[{"count":13,"href":"https:\/\/tilz.com\/es\/wp-json\/wp\/v2\/pages\/166\/revisions"}],"predecessor-version":[{"id":533,"href":"https:\/\/tilz.com\/es\/wp-json\/wp\/v2\/pages\/166\/revisions\/533"}],"wp:attachment":[{"href":"https:\/\/tilz.com\/es\/wp-json\/wp\/v2\/media?parent=166"}],"curies":[{"name":"wp","href":"https:\/\/api.w.org\/{rel}","templated":true}]}}