{"id":603,"date":"2025-02-17T12:16:22","date_gmt":"2025-02-17T20:16:22","guid":{"rendered":"https:\/\/tilz.com\/?page_id=603"},"modified":"2025-02-18T17:27:11","modified_gmt":"2025-02-19T01:27:11","slug":"recycling-concrete-and-asphalt","status":"publish","type":"page","link":"https:\/\/tilz.com\/es\/recycling-concrete-and-asphalt\/","title":{"rendered":"Recycling Concrete and Asphalt"},"content":{"rendered":"<div class=\"wp-block-cover alignfull\"><span aria-hidden=\"true\" class=\"wp-block-cover__background has-theme-palette-3-background-color has-background-dim-40 has-background-dim\"><\/span><img loading=\"lazy\" decoding=\"async\" width=\"1600\" height=\"600\" class=\"wp-block-cover__image-background wp-image-604\" alt=\"\" src=\"https:\/\/tilz.com\/wp-content\/uploads\/2025\/02\/recycling-page-banner.jpg\" data-object-fit=\"cover\" srcset=\"https:\/\/tilz.com\/wp-content\/uploads\/2025\/02\/recycling-page-banner.jpg 1600w, https:\/\/tilz.com\/wp-content\/uploads\/2025\/02\/recycling-page-banner-300x113.jpg 300w, https:\/\/tilz.com\/wp-content\/uploads\/2025\/02\/recycling-page-banner-1024x384.jpg 1024w, https:\/\/tilz.com\/wp-content\/uploads\/2025\/02\/recycling-page-banner-768x288.jpg 768w, https:\/\/tilz.com\/wp-content\/uploads\/2025\/02\/recycling-page-banner-1536x576.jpg 1536w, https:\/\/tilz.com\/wp-content\/uploads\/2025\/02\/recycling-page-banner-18x7.jpg 18w\" sizes=\"auto, (max-width: 1600px) 100vw, 1600px\" \/><div class=\"wp-block-cover__inner-container is-layout-constrained wp-block-cover-is-layout-constrained\">\n<h1 class=\"wp-block-heading has-text-align-center has-theme-palette-1-color has-text-color\" style=\"font-size:48px;text-transform:uppercase\">RECICLAJE DE HORMIG\u00d3N Y ASFALTO<\/h1>\n<\/div><\/div>\n\n\n\n<p><strong>Aceptamos cargas separadas y limpias de concreto, asfalto y tierra de relleno para reciclarlas en nuestra ubicaci\u00f3n de Poulsbo.\u00a0 No se permiten cargas mixtas ni metal\/barras de refuerzo.\u00a0 Llame para consultar la disponibilidad en nuestra ubicaci\u00f3n de Bainbridge.<\/strong><\/p>\n\n\n\n<p class=\"translation-block\">C\u00f3mo funciona: lleva hormig\u00f3n, asfalto o rellena tierra en tu cami\u00f3n, en latas o en bolsas. Mediremos cu\u00e1nto es y cobraremos en consecuencia. Precio por yarda c\u00fabica.<\/p>\n\n\n\n<figure class=\"wp-block-gallery has-nested-images columns-4 is-cropped wp-block-gallery-1 is-layout-flex wp-block-gallery-is-layout-flex\">\n<figure class=\"wp-block-image size-large\"><img loading=\"lazy\" decoding=\"async\" width=\"400\" height=\"533\" data-id=\"611\" src=\"https:\/\/tilz.com\/wp-content\/uploads\/2025\/02\/unprocessed-asphalt-2.jpg\" alt=\"\" class=\"wp-image-611\" srcset=\"https:\/\/tilz.com\/wp-content\/uploads\/2025\/02\/unprocessed-asphalt-2.jpg 400w, https:\/\/tilz.com\/wp-content\/uploads\/2025\/02\/unprocessed-asphalt-2-225x300.jpg 225w, https:\/\/tilz.com\/wp-content\/uploads\/2025\/02\/unprocessed-asphalt-2-9x12.jpg 9w\" sizes=\"auto, (max-width: 400px) 100vw, 400px\" \/><\/figure>\n\n\n\n<figure class=\"wp-block-image size-large\"><img loading=\"lazy\" decoding=\"async\" width=\"400\" height=\"533\" data-id=\"613\" src=\"https:\/\/tilz.com\/wp-content\/uploads\/2025\/02\/unprocessed-asphalt-3.jpg\" alt=\"\" class=\"wp-image-613\" srcset=\"https:\/\/tilz.com\/wp-content\/uploads\/2025\/02\/unprocessed-asphalt-3.jpg 400w, https:\/\/tilz.com\/wp-content\/uploads\/2025\/02\/unprocessed-asphalt-3-225x300.jpg 225w, https:\/\/tilz.com\/wp-content\/uploads\/2025\/02\/unprocessed-asphalt-3-9x12.jpg 9w\" sizes=\"auto, (max-width: 400px) 100vw, 400px\" \/><\/figure>\n\n\n\n<figure class=\"wp-block-image size-large\"><img loading=\"lazy\" decoding=\"async\" width=\"400\" height=\"533\" data-id=\"614\" src=\"https:\/\/tilz.com\/wp-content\/uploads\/2025\/02\/unprocessed-concrete-1.jpg\" alt=\"\" class=\"wp-image-614\" srcset=\"https:\/\/tilz.com\/wp-content\/uploads\/2025\/02\/unprocessed-concrete-1.jpg 400w, https:\/\/tilz.com\/wp-content\/uploads\/2025\/02\/unprocessed-concrete-1-225x300.jpg 225w, https:\/\/tilz.com\/wp-content\/uploads\/2025\/02\/unprocessed-concrete-1-9x12.jpg 9w\" sizes=\"auto, (max-width: 400px) 100vw, 400px\" \/><\/figure>\n\n\n\n<figure class=\"wp-block-image size-large\"><img loading=\"lazy\" decoding=\"async\" width=\"400\" height=\"533\" data-id=\"612\" src=\"https:\/\/tilz.com\/wp-content\/uploads\/2025\/02\/unprocessed-concrete-2.jpg\" alt=\"\" class=\"wp-image-612\" srcset=\"https:\/\/tilz.com\/wp-content\/uploads\/2025\/02\/unprocessed-concrete-2.jpg 400w, https:\/\/tilz.com\/wp-content\/uploads\/2025\/02\/unprocessed-concrete-2-225x300.jpg 225w, https:\/\/tilz.com\/wp-content\/uploads\/2025\/02\/unprocessed-concrete-2-9x12.jpg 9w\" sizes=\"auto, (max-width: 400px) 100vw, 400px\" \/><\/figure>\n<\/figure>\n\n\n\n<figure class=\"wp-block-image alignfull size-large\"><img loading=\"lazy\" decoding=\"async\" width=\"1024\" height=\"192\" src=\"https:\/\/tilz.com\/wp-content\/uploads\/2025\/02\/vegetable-garden-1024x192.jpg\" alt=\"\" class=\"wp-image-618\" srcset=\"https:\/\/tilz.com\/wp-content\/uploads\/2025\/02\/vegetable-garden-1024x192.jpg 1024w, https:\/\/tilz.com\/wp-content\/uploads\/2025\/02\/vegetable-garden-300x56.jpg 300w, https:\/\/tilz.com\/wp-content\/uploads\/2025\/02\/vegetable-garden-768x144.jpg 768w, https:\/\/tilz.com\/wp-content\/uploads\/2025\/02\/vegetable-garden-1536x288.jpg 1536w, https:\/\/tilz.com\/wp-content\/uploads\/2025\/02\/vegetable-garden-18x3.jpg 18w, https:\/\/tilz.com\/wp-content\/uploads\/2025\/02\/vegetable-garden.jpg 1600w\" sizes=\"auto, (max-width: 1024px) 100vw, 1024px\" \/><\/figure>","protected":false},"excerpt":{"rendered":"<p>We accept separated and clean loads of concrete, asphalt and fill dirt&nbsp; to be recycled at our Poulsbo location.&nbsp; Please no mixed loads or metal\/rebar.&nbsp; Call for availability at our Bainbridge location. How it works:&nbsp;bring concrete, asphalt or fill dirt in your truck, in cans or in bags. We\u2019ll measure how much it is and&#8230;<\/p>","protected":false},"author":2,"featured_media":0,"parent":0,"menu_order":0,"comment_status":"closed","ping_status":"closed","template":"","meta":{"_kad_blocks_custom_css":"","_kad_blocks_head_custom_js":"","_kad_blocks_body_custom_js":"","_kad_blocks_footer_custom_js":"","_kad_post_transparent":"","_kad_post_title":"","_kad_post_layout":"","_kad_post_sidebar_id":"","_kad_post_content_style":"","_kad_post_vertical_padding":"","_kad_post_feature":"","_kad_post_feature_position":"","_kad_post_header":false,"_kad_post_footer":false,"_kad_post_classname":"","footnotes":""},"class_list":["post-603","page","type-page","status-publish","hentry"],"yoast_head":"<!-- This site is optimized with the Yoast SEO plugin v27.1.1 - https:\/\/yoast.com\/product\/yoast-seo-wordpress\/ -->\n<title>Recycling Concrete and Asphalt | TILZ Soils and Compost<\/title>\n<meta name=\"robots\" content=\"index, follow, max-snippet:-1, max-image-preview:large, max-video-preview:-1\" \/>\n<link rel=\"canonical\" href=\"https:\/\/tilz.com\/es\/recycling-concrete-and-asphalt\/\" \/>\n<meta property=\"og:locale\" content=\"es_MX\" \/>\n<meta property=\"og:type\" content=\"article\" \/>\n<meta property=\"og:title\" content=\"Recycling Concrete and Asphalt | TILZ Soils and Compost\" \/>\n<meta property=\"og:description\" content=\"We accept separated and clean loads of concrete, asphalt and fill dirt&nbsp; to be recycled at our Poulsbo location.&nbsp; Please no mixed loads or metal\/rebar.&nbsp; Call for availability at our Bainbridge location. How it works:&nbsp;bring concrete, asphalt or fill dirt in your truck, in cans or in bags. We\u2019ll measure how much it is and...\" \/>\n<meta property=\"og:url\" content=\"https:\/\/tilz.com\/es\/recycling-concrete-and-asphalt\/\" \/>\n<meta property=\"og:site_name\" content=\"TILZ Soils and Compost\" \/>\n<meta property=\"article:publisher\" content=\"https:\/\/www.facebook.com\/TILZsoils\/\" \/>\n<meta property=\"article:modified_time\" content=\"2025-02-19T01:27:11+00:00\" \/>\n<meta property=\"og:image\" content=\"https:\/\/tilz.com\/wp-content\/uploads\/2025\/02\/recycling-page-banner.jpg\" \/>\n\t<meta property=\"og:image:width\" content=\"1600\" \/>\n\t<meta property=\"og:image:height\" content=\"600\" \/>\n\t<meta property=\"og:image:type\" content=\"image\/jpeg\" \/>\n<script type=\"application\/ld+json\" class=\"yoast-schema-graph\">{\"@context\":\"https:\/\/schema.org\",\"@graph\":[{\"@type\":\"WebPage\",\"@id\":\"https:\/\/tilz.com\/recycling-concrete-and-asphalt\/\",\"url\":\"https:\/\/tilz.com\/recycling-concrete-and-asphalt\/\",\"name\":\"Recycling Concrete and Asphalt | TILZ Soils and Compost\",\"isPartOf\":{\"@id\":\"https:\/\/tilz.com\/#website\"},\"primaryImageOfPage\":{\"@id\":\"https:\/\/tilz.com\/recycling-concrete-and-asphalt\/#primaryimage\"},\"image\":{\"@id\":\"https:\/\/tilz.com\/recycling-concrete-and-asphalt\/#primaryimage\"},\"thumbnailUrl\":\"https:\/\/tilz.com\/wp-content\/uploads\/2025\/02\/recycling-page-banner.jpg\",\"datePublished\":\"2025-02-17T20:16:22+00:00\",\"dateModified\":\"2025-02-19T01:27:11+00:00\",\"breadcrumb\":{\"@id\":\"https:\/\/tilz.com\/recycling-concrete-and-asphalt\/#breadcrumb\"},\"inLanguage\":\"es\",\"potentialAction\":[{\"@type\":\"ReadAction\",\"target\":[\"https:\/\/tilz.com\/recycling-concrete-and-asphalt\/\"]}]},{\"@type\":\"ImageObject\",\"inLanguage\":\"es\",\"@id\":\"https:\/\/tilz.com\/recycling-concrete-and-asphalt\/#primaryimage\",\"url\":\"https:\/\/tilz.com\/wp-content\/uploads\/2025\/02\/recycling-page-banner.jpg\",\"contentUrl\":\"https:\/\/tilz.com\/wp-content\/uploads\/2025\/02\/recycling-page-banner.jpg\"},{\"@type\":\"BreadcrumbList\",\"@id\":\"https:\/\/tilz.com\/recycling-concrete-and-asphalt\/#breadcrumb\",\"itemListElement\":[{\"@type\":\"ListItem\",\"position\":1,\"name\":\"Home\",\"item\":\"https:\/\/tilz.com\/\"},{\"@type\":\"ListItem\",\"position\":2,\"name\":\"Recycling Concrete and Asphalt\"}]},{\"@type\":\"WebSite\",\"@id\":\"https:\/\/tilz.com\/#website\",\"url\":\"https:\/\/tilz.com\/\",\"name\":\"TILZ Soils and Compost\",\"description\":\"Come Grow With Us\",\"publisher\":{\"@id\":\"https:\/\/tilz.com\/#organization\"},\"potentialAction\":[{\"@type\":\"SearchAction\",\"target\":{\"@type\":\"EntryPoint\",\"urlTemplate\":\"https:\/\/tilz.com\/?s={search_term_string}\"},\"query-input\":{\"@type\":\"PropertyValueSpecification\",\"valueRequired\":true,\"valueName\":\"search_term_string\"}}],\"inLanguage\":\"es\"},{\"@type\":\"Organization\",\"@id\":\"https:\/\/tilz.com\/#organization\",\"name\":\"Tilz Soils and Compost\",\"alternateName\":\"TILZ\",\"url\":\"https:\/\/tilz.com\/\",\"logo\":{\"@type\":\"ImageObject\",\"inLanguage\":\"es\",\"@id\":\"https:\/\/tilz.com\/#\/schema\/logo\/image\/\",\"url\":\"https:\/\/tilz.com\/wp-content\/uploads\/2023\/09\/TILZ-logo-padded.png\",\"contentUrl\":\"https:\/\/tilz.com\/wp-content\/uploads\/2023\/09\/TILZ-logo-padded.png\",\"width\":638,\"height\":572,\"caption\":\"Tilz Soils and Compost\"},\"image\":{\"@id\":\"https:\/\/tilz.com\/#\/schema\/logo\/image\/\"},\"sameAs\":[\"https:\/\/www.facebook.com\/TILZsoils\/\",\"https:\/\/www.instagram.com\/tilz_soil\/\"]}]}<\/script>\n<!-- \/ Yoast SEO plugin. -->","yoast_head_json":{"title":"Recycling Concrete and Asphalt | TILZ Soils and Compost","robots":{"index":"index","follow":"follow","max-snippet":"max-snippet:-1","max-image-preview":"max-image-preview:large","max-video-preview":"max-video-preview:-1"},"canonical":"https:\/\/tilz.com\/es\/recycling-concrete-and-asphalt\/","og_locale":"es_MX","og_type":"article","og_title":"Recycling Concrete and Asphalt | TILZ Soils and Compost","og_description":"We accept separated and clean loads of concrete, asphalt and fill dirt&nbsp; to be recycled at our Poulsbo location.&nbsp; Please no mixed loads or metal\/rebar.&nbsp; Call for availability at our Bainbridge location. How it works:&nbsp;bring concrete, asphalt or fill dirt in your truck, in cans or in bags. We\u2019ll measure how much it is and...","og_url":"https:\/\/tilz.com\/es\/recycling-concrete-and-asphalt\/","og_site_name":"TILZ Soils and Compost","article_publisher":"https:\/\/www.facebook.com\/TILZsoils\/","article_modified_time":"2025-02-19T01:27:11+00:00","og_image":[{"width":1600,"height":600,"url":"https:\/\/tilz.com\/wp-content\/uploads\/2025\/02\/recycling-page-banner.jpg","type":"image\/jpeg"}],"schema":{"@context":"https:\/\/schema.org","@graph":[{"@type":"WebPage","@id":"https:\/\/tilz.com\/recycling-concrete-and-asphalt\/","url":"https:\/\/tilz.com\/recycling-concrete-and-asphalt\/","name":"Recycling Concrete and Asphalt | TILZ Soils and Compost","isPartOf":{"@id":"https:\/\/tilz.com\/#website"},"primaryImageOfPage":{"@id":"https:\/\/tilz.com\/recycling-concrete-and-asphalt\/#primaryimage"},"image":{"@id":"https:\/\/tilz.com\/recycling-concrete-and-asphalt\/#primaryimage"},"thumbnailUrl":"https:\/\/tilz.com\/wp-content\/uploads\/2025\/02\/recycling-page-banner.jpg","datePublished":"2025-02-17T20:16:22+00:00","dateModified":"2025-02-19T01:27:11+00:00","breadcrumb":{"@id":"https:\/\/tilz.com\/recycling-concrete-and-asphalt\/#breadcrumb"},"inLanguage":"es","potentialAction":[{"@type":"ReadAction","target":["https:\/\/tilz.com\/recycling-concrete-and-asphalt\/"]}]},{"@type":"ImageObject","inLanguage":"es","@id":"https:\/\/tilz.com\/recycling-concrete-and-asphalt\/#primaryimage","url":"https:\/\/tilz.com\/wp-content\/uploads\/2025\/02\/recycling-page-banner.jpg","contentUrl":"https:\/\/tilz.com\/wp-content\/uploads\/2025\/02\/recycling-page-banner.jpg"},{"@type":"BreadcrumbList","@id":"https:\/\/tilz.com\/recycling-concrete-and-asphalt\/#breadcrumb","itemListElement":[{"@type":"ListItem","position":1,"name":"Home","item":"https:\/\/tilz.com\/"},{"@type":"ListItem","position":2,"name":"Recycling Concrete and Asphalt"}]},{"@type":"WebSite","@id":"https:\/\/tilz.com\/#website","url":"https:\/\/tilz.com\/","name":"TILZ Soils and Compost","description":"Come Grow With Us","publisher":{"@id":"https:\/\/tilz.com\/#organization"},"potentialAction":[{"@type":"SearchAction","target":{"@type":"EntryPoint","urlTemplate":"https:\/\/tilz.com\/?s={search_term_string}"},"query-input":{"@type":"PropertyValueSpecification","valueRequired":true,"valueName":"search_term_string"}}],"inLanguage":"es"},{"@type":"Organization","@id":"https:\/\/tilz.com\/#organization","name":"Tilz Soils and Compost","alternateName":"TILZ","url":"https:\/\/tilz.com\/","logo":{"@type":"ImageObject","inLanguage":"es","@id":"https:\/\/tilz.com\/#\/schema\/logo\/image\/","url":"https:\/\/tilz.com\/wp-content\/uploads\/2023\/09\/TILZ-logo-padded.png","contentUrl":"https:\/\/tilz.com\/wp-content\/uploads\/2023\/09\/TILZ-logo-padded.png","width":638,"height":572,"caption":"Tilz Soils and Compost"},"image":{"@id":"https:\/\/tilz.com\/#\/schema\/logo\/image\/"},"sameAs":["https:\/\/www.facebook.com\/TILZsoils\/","https:\/\/www.instagram.com\/tilz_soil\/"]}]}},"taxonomy_info":[],"featured_image_src_large":false,"author_info":{"display_name":"Myrna Ougland","author_link":"https:\/\/tilz.com\/es\/author\/spiderlily\/"},"comment_info":0,"_links":{"self":[{"href":"https:\/\/tilz.com\/es\/wp-json\/wp\/v2\/pages\/603","targetHints":{"allow":["GET"]}}],"collection":[{"href":"https:\/\/tilz.com\/es\/wp-json\/wp\/v2\/pages"}],"about":[{"href":"https:\/\/tilz.com\/es\/wp-json\/wp\/v2\/types\/page"}],"author":[{"embeddable":true,"href":"https:\/\/tilz.com\/es\/wp-json\/wp\/v2\/users\/2"}],"replies":[{"embeddable":true,"href":"https:\/\/tilz.com\/es\/wp-json\/wp\/v2\/comments?post=603"}],"version-history":[{"count":4,"href":"https:\/\/tilz.com\/es\/wp-json\/wp\/v2\/pages\/603\/revisions"}],"predecessor-version":[{"id":619,"href":"https:\/\/tilz.com\/es\/wp-json\/wp\/v2\/pages\/603\/revisions\/619"}],"wp:attachment":[{"href":"https:\/\/tilz.com\/es\/wp-json\/wp\/v2\/media?parent=603"}],"curies":[{"name":"wp","href":"https:\/\/api.w.org\/{rel}","templated":true}]}}